{"id":1476,"date":"2019-01-08T14:25:51","date_gmt":"2019-01-08T19:25:51","guid":{"rendered":"https:\/\/groupebaillargeon.com\/installation-de-systemes-electriques\/"},"modified":"2019-12-13T16:00:27","modified_gmt":"2019-12-13T21:00:27","slug":"electrical-systems-installation","status":"publish","type":"page","link":"https:\/\/groupebaillargeon.com\/en\/electrical-systems-installation\/","title":{"rendered":"Electrical systems installation"},"content":{"rendered":"<div class=\"wpb-content-wrapper\">[mk_page_section layout_structure=&#8221;half_right&#8221; bg_image=&#8221;https:\/\/groupebaillargeon.com\/wp-content\/uploads\/2019\/02\/division-electricite-installation-systemes-electriques.jpg&#8221; bg_stretch=&#8221;true&#8221; min_height=&#8221;525&#8243; js_vertical_centered=&#8221;true&#8221; padding_top=&#8221;0&#8243; padding_bottom=&#8221;0&#8243; visibility=&#8221;visible-dt&#8221;][vc_column width=&#8221;10\/12&#8243;][mk_fancy_title color=&#8221;#093c71&#8243; size=&#8221;22&#8243; font_weight=&#8221;bold&#8221; txt_transform=&#8221;none&#8221; margin_bottom=&#8221;0&#8243; font_family=&#8221;none&#8221; animation=&#8221;left-to-right&#8221;]Electrical Systems Installation[\/mk_fancy_title][mk_divider style=&#8221;thin_solid&#8221; divider_width=&#8221;custom_width&#8221; custom_width=&#8221;50&#8243; align=&#8221;left&#8221; thin_single_color=&#8221;#093c71&#8243; thickness=&#8221;2&#8243; margin_top=&#8221;10&#8243; visibility=&#8221;hidden-sm&#8221; animation=&#8221;left-to-right&#8221;][vc_column_text animation=&#8221;left-to-right&#8221; css=&#8221;.vc_custom_1574111472619{margin-bottom: 0px !important;}&#8221;]Members of The Corporation of Master Electricians of Quebec (CMEQ) R\u00e9gie du b\u00e2timent du Qu\u00e9bec (RBQ) licence holder we are equipped to handle all of your electrical installation projects. We will adapt our solutions to your budget. Our facilities exceed current quality standards. We carry out industrial, commercial and agricultural projects.[\/vc_column_text][mk_button dimension=&#8221;outline&#8221; size=&#8221;medium&#8221; url=&#8221;https:\/\/groupebaillargeon.com\/en\/contact\/&#8221; margin_top=&#8221;25&#8243; outline_skin=&#8221;custom&#8221; outline_active_color=&#8221;#093c71&#8243; outline_active_text_color=&#8221;#093c71&#8243; outline_hover_color=&#8221;#ffffff&#8221;]I&#8217;m interested in finding out more ![\/mk_button][\/vc_column][vc_column width=&#8221;2\/12&#8243;][\/vc_column][\/mk_page_section][mk_page_section bg_stretch=&#8221;true&#8221; min_height=&#8221;525&#8243; js_vertical_centered=&#8221;true&#8221; padding_top=&#8221;0&#8243; padding_bottom=&#8221;0&#8243; visibility=&#8221;hidden-dt&#8221; sidebar=&#8221;sidebar-1&#8243;][vc_column width=&#8221;10\/12&#8243;][vc_single_image image=&#8221;1004&#8243; img_size=&#8221;full&#8221;][mk_fancy_title color=&#8221;#093c71&#8243; size=&#8221;22&#8243; font_weight=&#8221;bold&#8221; txt_transform=&#8221;none&#8221; margin_bottom=&#8221;0&#8243; font_family=&#8221;none&#8221; animation=&#8221;left-to-right&#8221;]Electrical Systems Installation[\/mk_fancy_title][mk_divider style=&#8221;thin_solid&#8221; divider_width=&#8221;custom_width&#8221; custom_width=&#8221;50&#8243; align=&#8221;left&#8221; thin_single_color=&#8221;#093c71&#8243; thickness=&#8221;2&#8243; margin_top=&#8221;10&#8243; visibility=&#8221;hidden-sm&#8221; animation=&#8221;left-to-right&#8221;][vc_column_text animation=&#8221;left-to-right&#8221; css=&#8221;.vc_custom_1574111536826{margin-bottom: 0px !important;}&#8221;]Members of The Corporation of Master Electricians of Quebec (CMEQ) R\u00e9gie du b\u00e2timent du Qu\u00e9bec (RBQ) licence holder we are equipped to handle all of your electrical installation projects. We will adapt our solutions to your budget. Our facilities exceed current quality standards. We carry out industrial, commercial and agricultural projects.[\/vc_column_text][mk_button dimension=&#8221;outline&#8221; size=&#8221;medium&#8221; url=&#8221;https:\/\/groupebaillargeon.com\/en\/contact\/&#8221; margin_top=&#8221;25&#8243; outline_skin=&#8221;custom&#8221; outline_active_color=&#8221;#093c71&#8243; outline_active_text_color=&#8221;#093c71&#8243; outline_hover_color=&#8221;#ffffff&#8221;]I&#8217;m interested in finding out more ![\/mk_button][\/vc_column][vc_column width=&#8221;2\/12&#8243;][\/vc_column][\/mk_page_section][vc_row disable_element=&#8221;yes&#8221;][vc_column][mk_fancy_title tag_name=&#8221;h1&#8243; color=&#8221;#ffffff&#8221; size=&#8221;30&#8243; font_weight=&#8221;900&#8243; font_style=&#8221;normal&#8221; txt_transform=&#8221;uppercase&#8221; font_family=&#8221;none&#8221;]Les types de chauffages \u00e9lectriques[\/mk_fancy_title][vc_row_inner][vc_column_inner][mk_fancy_title color=&#8221;#ffffff&#8221; size=&#8221;22&#8243; font_weight=&#8221;bold&#8221; txt_transform=&#8221;none&#8221; margin_bottom=&#8221;0&#8243; font_family=&#8221;none&#8221; animation=&#8221;left-to-right&#8221;]A\u00e9roconvecteur commercial[\/mk_fancy_title][vc_column_text animation=&#8221;top-to-bottom&#8221; css=&#8221;.vc_custom_1546975112361{margin-bottom: 0px !important;}&#8221;]<span style=\"color: #ffffff;\">Id\u00e9ale pour r\u00e9gler les probl\u00e8mes de courant d&#8217;air froid, l&#8217;installation d&#8217;un a\u00e9roconvecteur offre une r\u00e9cup\u00e9ration rapide de la chaleur dans les pi\u00e8ces affect\u00e9es par des courants d&#8217;air froid. Le ventilateur souffle l&#8217;air chaud vers le plancher, cr\u00e9ant une circulation d&#8217;air dans la pi\u00e8ce.<\/span>[\/vc_column_text][\/vc_column_inner][\/vc_row_inner][vc_row_inner][vc_column_inner width=&#8221;1\/2&#8243;][mk_fancy_title color=&#8221;#ffffff&#8221; size=&#8221;22&#8243; font_weight=&#8221;bold&#8221; txt_transform=&#8221;none&#8221; margin_top=&#8221;20&#8243; margin_bottom=&#8221;0&#8243; font_family=&#8221;none&#8221; animation=&#8221;left-to-right&#8221;]A\u00e9rotherme diffuseur[\/mk_fancy_title][vc_column_text animation=&#8221;top-to-bottom&#8221; css=&#8221;.vc_custom_1546975141115{margin-bottom: 0px !important;}&#8221;]<span style=\"color: #ffffff;\">L&#8217;installation au mur ou au plafond d&#8217;un a\u00e9rotherme OAE permet de chauffer de grandes pi\u00e8ces avec efficacit\u00e9.<\/span>[\/vc_column_text][\/vc_column_inner][vc_column_inner width=&#8221;1\/2&#8243;][mk_fancy_title color=&#8221;#ffffff&#8221; size=&#8221;22&#8243; font_weight=&#8221;bold&#8221; txt_transform=&#8221;none&#8221; margin_top=&#8221;20&#8243; margin_bottom=&#8221;0&#8243; font_family=&#8221;none&#8221; animation=&#8221;left-to-right&#8221;]Chaufferette[\/mk_fancy_title][vc_column_text animation=&#8221;top-to-bottom&#8221; css=&#8221;.vc_custom_1546975170533{margin-bottom: 0px !important;}&#8221;]<span style=\"color: #ffffff;\">Les chaufferettes portatives avec support mural procurent un chauffage d&#8217;appoint \u00e0 peu de frais.<\/span>[\/vc_column_text][\/vc_column_inner][\/vc_row_inner][vc_row_inner][vc_column_inner width=&#8221;1\/2&#8243;][mk_fancy_title color=&#8221;#ffffff&#8221; size=&#8221;22&#8243; font_weight=&#8221;bold&#8221; txt_transform=&#8221;none&#8221; margin_top=&#8221;20&#8243; margin_bottom=&#8221;0&#8243; font_family=&#8221;none&#8221; animation=&#8221;left-to-right&#8221;]Radiateur[\/mk_fancy_title][vc_column_text animation=&#8221;top-to-bottom&#8221; css=&#8221;.vc_custom_1546975418558{margin-bottom: 0px !important;}&#8221;]<span style=\"color: #ffffff;\">Les radiateurs rayonnants permettent de rapidement chauffer des aires sp\u00e9cifiques \u00e0 l&#8217;int\u00e9rieur de grands espaces.<\/span>[\/vc_column_text][\/vc_column_inner][vc_column_inner width=&#8221;1\/2&#8243;][mk_fancy_title color=&#8221;#ffffff&#8221; size=&#8221;22&#8243; font_weight=&#8221;bold&#8221; txt_transform=&#8221;none&#8221; margin_top=&#8221;20&#8243; margin_bottom=&#8221;0&#8243; font_family=&#8221;none&#8221; animation=&#8221;left-to-right&#8221;]Ventilo-convecteur[\/mk_fancy_title][vc_column_text animation=&#8221;top-to-bottom&#8221; css=&#8221;.vc_custom_1546975453521{margin-bottom: 0px !important;}&#8221;]<span style=\"color: #ffffff;\">Le ventilo-convecteur peux \u00eatre install\u00e9 dans des espaces restreints. Il souffle l&#8217;air sur un \u00e9l\u00e9ment chauffant, produisant ainsi une circulation d&#8217;air dans la pi\u00e8ce.<\/span>[\/vc_column_text][\/vc_column_inner][\/vc_row_inner][vc_row_inner][vc_column_inner width=&#8221;1\/2&#8243;][mk_fancy_title color=&#8221;#ffffff&#8221; size=&#8221;22&#8243; font_weight=&#8221;bold&#8221; txt_transform=&#8221;none&#8221; margin_top=&#8221;20&#8243; margin_bottom=&#8221;0&#8243; font_family=&#8221;none&#8221; animation=&#8221;left-to-right&#8221;]Plinthe[\/mk_fancy_title][vc_column_text animation=&#8221;top-to-bottom&#8221; css=&#8221;.vc_custom_1546975366459{margin-bottom: 0px !important;}&#8221;]<span style=\"color: #ffffff;\">L&#8217;installation d&#8217;une plinthe coupe-brise r\u00e9sistante r\u00e9pond au besoin de chauffage p\u00e9rim\u00e9trique et offre une diffusion uniforme de la chaleur.<\/span>[\/vc_column_text][\/vc_column_inner][vc_column_inner width=&#8221;1\/2&#8243;][mk_fancy_title color=&#8221;#ffffff&#8221; size=&#8221;22&#8243; font_weight=&#8221;bold&#8221; txt_transform=&#8221;none&#8221; margin_top=&#8221;20&#8243; margin_bottom=&#8221;0&#8243; font_family=&#8221;none&#8221; animation=&#8221;left-to-right&#8221;]Convecteur[\/mk_fancy_title][vc_column_text animation=&#8221;top-to-bottom&#8221; css=&#8221;.vc_custom_1546975393037{margin-bottom: 0px !important;}&#8221;]<span style=\"color: #ffffff;\">L&#8217;installation d&#8217;un syst\u00e8me de ventilation central avec un convecteur assure une temp\u00e9rature ambiante constante tout au long de l&#8217;ann\u00e9e.<\/span>[\/vc_column_text][\/vc_column_inner][\/vc_row_inner][vc_row_inner][vc_column_inner width=&#8221;1\/2&#8243;][mk_fancy_title color=&#8221;#ffffff&#8221; size=&#8221;22&#8243; font_weight=&#8221;bold&#8221; txt_transform=&#8221;none&#8221; margin_top=&#8221;20&#8243; margin_bottom=&#8221;0&#8243; font_family=&#8221;none&#8221; animation=&#8221;left-to-right&#8221;]C\u00e2ble chauffant[\/mk_fancy_title][vc_column_text animation=&#8221;top-to-bottom&#8221; css=&#8221;.vc_custom_1546975481379{margin-bottom: 0px !important;}&#8221;]<span style=\"color: #ffffff;\">Les c\u00e2bles chauffants et les c\u00e2bles chauffants \u00e0 b\u00e9ton sont parfaits pour r\u00e9chauffer l&#8217;air ambiant uniform\u00e9ment, que ce soit dans un garage, une usine, un commerce ou une ferme. Ils peuvent aussi fournir un acc\u00e8s s\u00e9curitaire tout l&#8217;hiver en faisant fondre la neige \u00e0 l&#8217;ext\u00e9rieur.<\/span>[\/vc_column_text][\/vc_column_inner][vc_column_inner width=&#8221;1\/2&#8243;][mk_fancy_title color=&#8221;#ffffff&#8221; size=&#8221;22&#8243; font_weight=&#8221;bold&#8221; txt_transform=&#8221;none&#8221; margin_top=&#8221;20&#8243; margin_bottom=&#8221;0&#8243; font_family=&#8221;none&#8221; animation=&#8221;left-to-right&#8221;]S\u00e9choir \u00e0 mains[\/mk_fancy_title][vc_column_text animation=&#8221;top-to-bottom&#8221; css=&#8221;.vc_custom_1546975505345{margin-bottom: 0px !important;}&#8221;]<span style=\"color: #ffffff;\">L&#8217;installation d&#8217;un s\u00e9choir \u00e0 mains est id\u00e9ale pour les endroits tr\u00e8s achaland\u00e9s. Il s&#8217;agit d&#8217;un appareil \u00e0 la fois s\u00e9curitaire et hygi\u00e9nique.<\/span>[\/vc_column_text][\/vc_column_inner][\/vc_row_inner][\/vc_column][\/vc_row]\n<\/div>","protected":false},"excerpt":{"rendered":"<p>[mk_page_section layout_structure=&#8221;half_right&#8221; bg_image=&#8221;https:\/\/groupebaillargeon.com\/wp-content\/uploads\/2019\/02\/division-electricite-installation-systemes-electriques.jpg&#8221; bg_stretch=&#8221;true&#8221; min_height=&#8221;525&#8243; js_vertical_centered=&#8221;true&#8221; padding_top=&#8221;0&#8243; padding_bottom=&#8221;0&#8243; visibility=&#8221;visible-dt&#8221;][vc_column width=&#8221;10\/12&#8243;][mk_fancy_title color=&#8221;#093c71&#8243; size=&#8221;22&#8243; font_weight=&#8221;bold&#8221; txt_transform=&#8221;none&#8221; margin_bottom=&#8221;0&#8243; font_family=&#8221;none&#8221; animation=&#8221;left-to-right&#8221;]Electrical Systems Installation[\/mk_fancy_title][mk_divider style=&#8221;thin_solid&#8221; divider_width=&#8221;custom_width&#8221; custom_width=&#8221;50&#8243; align=&#8221;left&#8221; thin_single_color=&#8221;#093c71&#8243; thickness=&#8221;2&#8243; margin_top=&#8221;10&#8243; visibility=&#8221;hidden-sm&#8221; animation=&#8221;left-to-right&#8221;][vc_column_text animation=&#8221;left-to-right&#8221; css=&#8221;.vc_custom_1574111472619{margin-bottom: 0px !important;}&#8221;]Members of The Corporation of Master Electricians of Quebec (CMEQ) R\u00e9gie du b\u00e2timent du Qu\u00e9bec (RBQ) licence holder we are equipped to handle all [&hellip;]<\/p>\n","protected":false},"author":1,"featured_media":0,"parent":0,"menu_order":0,"comment_status":"closed","ping_status":"closed","template":"","meta":{"footnotes":""},"class_list":["post-1476","page","type-page","status-publish","hentry"],"yoast_head":"<!-- This site is optimized with the Yoast SEO plugin v27.3 - https:\/\/yoast.com\/product\/yoast-seo-wordpress\/ -->\n<title>Electrical systems installation - Groupe Baillargeon<\/title>\n<meta name=\"robots\" content=\"index, follow, max-snippet:-1, max-image-preview:large, max-video-preview:-1\" \/>\n<link rel=\"canonical\" href=\"https:\/\/groupebaillargeon.com\/en\/electrical-systems-installation\/\" \/>\n<meta property=\"og:locale\" content=\"en_US\" \/>\n<meta property=\"og:type\" content=\"article\" \/>\n<meta property=\"og:title\" content=\"Electrical systems installation - Groupe Baillargeon\" \/>\n<meta property=\"og:description\" content=\"[mk_page_section layout_structure=&#8221;half_right&#8221; bg_image=&#8221;https:\/\/groupebaillargeon.com\/wp-content\/uploads\/2019\/02\/division-electricite-installation-systemes-electriques.jpg&#8221; bg_stretch=&#8221;true&#8221; min_height=&#8221;525&#8243; js_vertical_centered=&#8221;true&#8221; padding_top=&#8221;0&#8243; padding_bottom=&#8221;0&#8243; visibility=&#8221;visible-dt&#8221;][vc_column width=&#8221;10\/12&#8243;][mk_fancy_title color=&#8221;#093c71&#8243; size=&#8221;22&#8243; font_weight=&#8221;bold&#8221; txt_transform=&#8221;none&#8221; margin_bottom=&#8221;0&#8243; font_family=&#8221;none&#8221; animation=&#8221;left-to-right&#8221;]Electrical Systems Installation[\/mk_fancy_title][mk_divider style=&#8221;thin_solid&#8221; divider_width=&#8221;custom_width&#8221; custom_width=&#8221;50&#8243; align=&#8221;left&#8221; thin_single_color=&#8221;#093c71&#8243; thickness=&#8221;2&#8243; margin_top=&#8221;10&#8243; visibility=&#8221;hidden-sm&#8221; animation=&#8221;left-to-right&#8221;][vc_column_text animation=&#8221;left-to-right&#8221; css=&#8221;.vc_custom_1574111472619{margin-bottom: 0px !important;}&#8221;]Members of The Corporation of Master Electricians of Quebec (CMEQ) R\u00e9gie du b\u00e2timent du Qu\u00e9bec (RBQ) licence holder we are equipped to handle all [&hellip;]\" \/>\n<meta property=\"og:url\" content=\"https:\/\/groupebaillargeon.com\/en\/electrical-systems-installation\/\" \/>\n<meta property=\"og:site_name\" content=\"Groupe Baillargeon\" \/>\n<meta property=\"article:modified_time\" content=\"2019-12-13T21:00:27+00:00\" \/>\n<meta property=\"og:image\" content=\"https:\/\/groupebaillargeon.com\/wp-content\/uploads\/2019\/07\/groupe-baillargeon-yoast-fb.jpg\" \/>\n\t<meta property=\"og:image:width\" content=\"1200\" \/>\n\t<meta property=\"og:image:height\" content=\"630\" \/>\n\t<meta property=\"og:image:type\" content=\"image\/jpeg\" \/>\n<meta name=\"twitter:card\" content=\"summary_large_image\" \/>\n<meta name=\"twitter:label1\" content=\"Est. reading time\" \/>\n\t<meta name=\"twitter:data1\" content=\"6 minutes\" \/>\n<script type=\"application\/ld+json\" class=\"yoast-schema-graph\">{\"@context\":\"https:\\\/\\\/schema.org\",\"@graph\":[{\"@type\":\"WebPage\",\"@id\":\"https:\\\/\\\/groupebaillargeon.com\\\/en\\\/electrical-systems-installation\\\/\",\"url\":\"https:\\\/\\\/groupebaillargeon.com\\\/en\\\/electrical-systems-installation\\\/\",\"name\":\"Electrical systems installation - Groupe Baillargeon\",\"isPartOf\":{\"@id\":\"https:\\\/\\\/groupebaillargeon.com\\\/#website\"},\"datePublished\":\"2019-01-08T19:25:51+00:00\",\"dateModified\":\"2019-12-13T21:00:27+00:00\",\"breadcrumb\":{\"@id\":\"https:\\\/\\\/groupebaillargeon.com\\\/en\\\/electrical-systems-installation\\\/#breadcrumb\"},\"inLanguage\":\"en-US\",\"potentialAction\":[{\"@type\":\"ReadAction\",\"target\":[\"https:\\\/\\\/groupebaillargeon.com\\\/en\\\/electrical-systems-installation\\\/\"]}]},{\"@type\":\"BreadcrumbList\",\"@id\":\"https:\\\/\\\/groupebaillargeon.com\\\/en\\\/electrical-systems-installation\\\/#breadcrumb\",\"itemListElement\":[{\"@type\":\"ListItem\",\"position\":1,\"name\":\"Home\",\"item\":\"https:\\\/\\\/groupebaillargeon.com\\\/en\\\/\"},{\"@type\":\"ListItem\",\"position\":2,\"name\":\"Electrical systems installation\"}]},{\"@type\":\"WebSite\",\"@id\":\"https:\\\/\\\/groupebaillargeon.com\\\/#website\",\"url\":\"https:\\\/\\\/groupebaillargeon.com\\\/\",\"name\":\"Groupe Baillargeon\",\"description\":\"\",\"publisher\":{\"@id\":\"https:\\\/\\\/groupebaillargeon.com\\\/#organization\"},\"potentialAction\":[{\"@type\":\"SearchAction\",\"target\":{\"@type\":\"EntryPoint\",\"urlTemplate\":\"https:\\\/\\\/groupebaillargeon.com\\\/?s={search_term_string}\"},\"query-input\":{\"@type\":\"PropertyValueSpecification\",\"valueRequired\":true,\"valueName\":\"search_term_string\"}}],\"inLanguage\":\"en-US\"},{\"@type\":\"Organization\",\"@id\":\"https:\\\/\\\/groupebaillargeon.com\\\/#organization\",\"name\":\"Groupe Baillargeon\",\"url\":\"https:\\\/\\\/groupebaillargeon.com\\\/\",\"logo\":{\"@type\":\"ImageObject\",\"inLanguage\":\"en-US\",\"@id\":\"https:\\\/\\\/groupebaillargeon.com\\\/#\\\/schema\\\/logo\\\/image\\\/\",\"url\":\"https:\\\/\\\/groupebaillargeon.com\\\/wp-content\\\/uploads\\\/2019\\\/01\\\/baillargeon-logo-accueil.png\",\"contentUrl\":\"https:\\\/\\\/groupebaillargeon.com\\\/wp-content\\\/uploads\\\/2019\\\/01\\\/baillargeon-logo-accueil.png\",\"width\":86,\"height\":84,\"caption\":\"Groupe Baillargeon\"},\"image\":{\"@id\":\"https:\\\/\\\/groupebaillargeon.com\\\/#\\\/schema\\\/logo\\\/image\\\/\"}}]}<\/script>\n<!-- \/ Yoast SEO plugin. -->","yoast_head_json":{"title":"Electrical systems installation - Groupe Baillargeon","robots":{"index":"index","follow":"follow","max-snippet":"max-snippet:-1","max-image-preview":"max-image-preview:large","max-video-preview":"max-video-preview:-1"},"canonical":"https:\/\/groupebaillargeon.com\/en\/electrical-systems-installation\/","og_locale":"en_US","og_type":"article","og_title":"Electrical systems installation - Groupe Baillargeon","og_description":"[mk_page_section layout_structure=&#8221;half_right&#8221; bg_image=&#8221;https:\/\/groupebaillargeon.com\/wp-content\/uploads\/2019\/02\/division-electricite-installation-systemes-electriques.jpg&#8221; bg_stretch=&#8221;true&#8221; min_height=&#8221;525&#8243; js_vertical_centered=&#8221;true&#8221; padding_top=&#8221;0&#8243; padding_bottom=&#8221;0&#8243; visibility=&#8221;visible-dt&#8221;][vc_column width=&#8221;10\/12&#8243;][mk_fancy_title color=&#8221;#093c71&#8243; size=&#8221;22&#8243; font_weight=&#8221;bold&#8221; txt_transform=&#8221;none&#8221; margin_bottom=&#8221;0&#8243; font_family=&#8221;none&#8221; animation=&#8221;left-to-right&#8221;]Electrical Systems Installation[\/mk_fancy_title][mk_divider style=&#8221;thin_solid&#8221; divider_width=&#8221;custom_width&#8221; custom_width=&#8221;50&#8243; align=&#8221;left&#8221; thin_single_color=&#8221;#093c71&#8243; thickness=&#8221;2&#8243; margin_top=&#8221;10&#8243; visibility=&#8221;hidden-sm&#8221; animation=&#8221;left-to-right&#8221;][vc_column_text animation=&#8221;left-to-right&#8221; css=&#8221;.vc_custom_1574111472619{margin-bottom: 0px !important;}&#8221;]Members of The Corporation of Master Electricians of Quebec (CMEQ) R\u00e9gie du b\u00e2timent du Qu\u00e9bec (RBQ) licence holder we are equipped to handle all [&hellip;]","og_url":"https:\/\/groupebaillargeon.com\/en\/electrical-systems-installation\/","og_site_name":"Groupe Baillargeon","article_modified_time":"2019-12-13T21:00:27+00:00","og_image":[{"width":1200,"height":630,"url":"https:\/\/groupebaillargeon.com\/wp-content\/uploads\/2019\/07\/groupe-baillargeon-yoast-fb.jpg","type":"image\/jpeg"}],"twitter_card":"summary_large_image","twitter_misc":{"Est. reading time":"6 minutes"},"schema":{"@context":"https:\/\/schema.org","@graph":[{"@type":"WebPage","@id":"https:\/\/groupebaillargeon.com\/en\/electrical-systems-installation\/","url":"https:\/\/groupebaillargeon.com\/en\/electrical-systems-installation\/","name":"Electrical systems installation - Groupe Baillargeon","isPartOf":{"@id":"https:\/\/groupebaillargeon.com\/#website"},"datePublished":"2019-01-08T19:25:51+00:00","dateModified":"2019-12-13T21:00:27+00:00","breadcrumb":{"@id":"https:\/\/groupebaillargeon.com\/en\/electrical-systems-installation\/#breadcrumb"},"inLanguage":"en-US","potentialAction":[{"@type":"ReadAction","target":["https:\/\/groupebaillargeon.com\/en\/electrical-systems-installation\/"]}]},{"@type":"BreadcrumbList","@id":"https:\/\/groupebaillargeon.com\/en\/electrical-systems-installation\/#breadcrumb","itemListElement":[{"@type":"ListItem","position":1,"name":"Home","item":"https:\/\/groupebaillargeon.com\/en\/"},{"@type":"ListItem","position":2,"name":"Electrical systems installation"}]},{"@type":"WebSite","@id":"https:\/\/groupebaillargeon.com\/#website","url":"https:\/\/groupebaillargeon.com\/","name":"Groupe Baillargeon","description":"","publisher":{"@id":"https:\/\/groupebaillargeon.com\/#organization"},"potentialAction":[{"@type":"SearchAction","target":{"@type":"EntryPoint","urlTemplate":"https:\/\/groupebaillargeon.com\/?s={search_term_string}"},"query-input":{"@type":"PropertyValueSpecification","valueRequired":true,"valueName":"search_term_string"}}],"inLanguage":"en-US"},{"@type":"Organization","@id":"https:\/\/groupebaillargeon.com\/#organization","name":"Groupe Baillargeon","url":"https:\/\/groupebaillargeon.com\/","logo":{"@type":"ImageObject","inLanguage":"en-US","@id":"https:\/\/groupebaillargeon.com\/#\/schema\/logo\/image\/","url":"https:\/\/groupebaillargeon.com\/wp-content\/uploads\/2019\/01\/baillargeon-logo-accueil.png","contentUrl":"https:\/\/groupebaillargeon.com\/wp-content\/uploads\/2019\/01\/baillargeon-logo-accueil.png","width":86,"height":84,"caption":"Groupe Baillargeon"},"image":{"@id":"https:\/\/groupebaillargeon.com\/#\/schema\/logo\/image\/"}}]}},"_links":{"self":[{"href":"https:\/\/groupebaillargeon.com\/en\/wp-json\/wp\/v2\/pages\/1476","targetHints":{"allow":["GET"]}}],"collection":[{"href":"https:\/\/groupebaillargeon.com\/en\/wp-json\/wp\/v2\/pages"}],"about":[{"href":"https:\/\/groupebaillargeon.com\/en\/wp-json\/wp\/v2\/types\/page"}],"author":[{"embeddable":true,"href":"https:\/\/groupebaillargeon.com\/en\/wp-json\/wp\/v2\/users\/1"}],"replies":[{"embeddable":true,"href":"https:\/\/groupebaillargeon.com\/en\/wp-json\/wp\/v2\/comments?post=1476"}],"version-history":[{"count":5,"href":"https:\/\/groupebaillargeon.com\/en\/wp-json\/wp\/v2\/pages\/1476\/revisions"}],"predecessor-version":[{"id":1718,"href":"https:\/\/groupebaillargeon.com\/en\/wp-json\/wp\/v2\/pages\/1476\/revisions\/1718"}],"wp:attachment":[{"href":"https:\/\/groupebaillargeon.com\/en\/wp-json\/wp\/v2\/media?parent=1476"}],"curies":[{"name":"wp","href":"https:\/\/api.w.org\/{rel}","templated":true}]}}