{"id":1545,"date":"2019-01-07T16:57:15","date_gmt":"2019-01-07T21:57:15","guid":{"rendered":"https:\/\/groupebaillargeon.com\/installation-et-configuration-de-reseaux-de-communication\/"},"modified":"2019-12-13T16:01:57","modified_gmt":"2019-12-13T21:01:57","slug":"installation-and-configuration-of-communication-networks","status":"publish","type":"page","link":"https:\/\/groupebaillargeon.com\/en\/installation-and-configuration-of-communication-networks\/","title":{"rendered":"Installation and Configuration of Communication Networks"},"content":{"rendered":"<div class=\"wpb-content-wrapper\">[mk_page_section layout_structure=&#8221;half_right&#8221; bg_image=&#8221;https:\/\/groupebaillargeon.com\/wp-content\/uploads\/2019\/01\/division-electricite-installation-configuration-reseau-2.jpg&#8221; bg_stretch=&#8221;true&#8221; min_height=&#8221;675&#8243; js_vertical_centered=&#8221;true&#8221; padding_top=&#8221;0&#8243; padding_bottom=&#8221;0&#8243; visibility=&#8221;visible-dt&#8221;][vc_column width=&#8221;10\/12&#8243;][mk_fancy_title color=&#8221;#093c71&#8243; size=&#8221;22&#8243; font_weight=&#8221;bold&#8221; txt_transform=&#8221;none&#8221; margin_bottom=&#8221;0&#8243; font_family=&#8221;none&#8221; animation=&#8221;left-to-right&#8221;]Installation and Configuration of Communication Networks[\/mk_fancy_title][mk_divider style=&#8221;thin_solid&#8221; divider_width=&#8221;custom_width&#8221; custom_width=&#8221;50&#8243; align=&#8221;left&#8221; thin_single_color=&#8221;#093c71&#8243; thickness=&#8221;2&#8243; margin_top=&#8221;10&#8243; visibility=&#8221;hidden-sm&#8221; animation=&#8221;left-to-right&#8221;][vc_column_text animation=&#8221;left-to-right&#8221; css=&#8221;.vc_custom_1574191145020{margin-bottom: 0px !important;}&#8221;]Contact us to set up reliable, effective communication networks. Our team is at your service to design complex communication infrastructures, ensuring proper communication between your hardware. We also possess the necessary IT expertise to develop Ethernet VPN networks enabling remote management of your equipment. For the installation and configuration of a wide range, wireless network consider Groupe Baillargeon, supplying your electric components with with necessary Internet connection for updates.[\/vc_column_text][mk_button dimension=&#8221;outline&#8221; size=&#8221;medium&#8221; url=&#8221;https:\/\/groupebaillargeon.com\/en\/contact\/&#8221; margin_top=&#8221;25&#8243; outline_skin=&#8221;custom&#8221; outline_active_color=&#8221;#093c71&#8243; outline_active_text_color=&#8221;#093c71&#8243; outline_hover_color=&#8221;#ffffff&#8221;]I&#8217;m interested in finding out more ![\/mk_button][\/vc_column][vc_column width=&#8221;2\/12&#8243;][\/vc_column][\/mk_page_section][mk_page_section bg_stretch=&#8221;true&#8221; min_height=&#8221;675&#8243; js_vertical_centered=&#8221;true&#8221; padding_top=&#8221;0&#8243; padding_bottom=&#8221;0&#8243; visibility=&#8221;hidden-dt&#8221; sidebar=&#8221;sidebar-1&#8243;][vc_column][vc_single_image image=&#8221;801&#8243; img_size=&#8221;full&#8221;][mk_fancy_title color=&#8221;#093c71&#8243; size=&#8221;22&#8243; font_weight=&#8221;bold&#8221; txt_transform=&#8221;none&#8221; margin_bottom=&#8221;0&#8243; font_family=&#8221;none&#8221; animation=&#8221;left-to-right&#8221;]Installation and Configuration of Communication Networks[\/mk_fancy_title][mk_divider style=&#8221;thin_solid&#8221; divider_width=&#8221;custom_width&#8221; custom_width=&#8221;50&#8243; align=&#8221;left&#8221; thin_single_color=&#8221;#093c71&#8243; thickness=&#8221;2&#8243; margin_top=&#8221;10&#8243; visibility=&#8221;hidden-sm&#8221; animation=&#8221;left-to-right&#8221;][vc_column_text animation=&#8221;left-to-right&#8221; css=&#8221;.vc_custom_1574191154516{margin-bottom: 0px !important;}&#8221;]Contact us to set up reliable, effective communication networks. Our team is at your service to design complex communication infrastructures, ensuring proper communication between your hardware. We also possess the necessary IT expertise to develop Ethernet VPN networks enabling remote management of your equipment. For the installation and configuration of a wide range, wireless network consider Groupe Baillargeon, supplying your electric components with with necessary Internet connection for updates.[\/vc_column_text][mk_button dimension=&#8221;outline&#8221; size=&#8221;medium&#8221; url=&#8221;https:\/\/groupebaillargeon.com\/en\/contact\/&#8221; margin_top=&#8221;25&#8243; outline_skin=&#8221;custom&#8221; outline_active_color=&#8221;#093c71&#8243; outline_active_text_color=&#8221;#093c71&#8243; outline_hover_color=&#8221;#ffffff&#8221;]I&#8217;m interested in finding out more ![\/mk_button][\/vc_column][\/mk_page_section][vc_row disable_element=&#8221;yes&#8221;][vc_column][mk_fancy_title tag_name=&#8221;h1&#8243; color=&#8221;#ffffff&#8221; size=&#8221;30&#8243; font_weight=&#8221;900&#8243; font_style=&#8221;normal&#8221; txt_transform=&#8221;uppercase&#8221; font_family=&#8221;none&#8221;]Protocoles de communication[\/mk_fancy_title][vc_row_inner][vc_column_inner width=&#8221;1\/2&#8243;][mk_fancy_title color=&#8221;#ffffff&#8221; size=&#8221;22&#8243; font_weight=&#8221;bold&#8221; txt_transform=&#8221;none&#8221; margin_top=&#8221;20&#8243; margin_bottom=&#8221;0&#8243; font_family=&#8221;none&#8221; animation=&#8221;left-to-right&#8221;]DeviceNet[\/mk_fancy_title][vc_column_text animation=&#8221;top-to-bottom&#8221; css=&#8221;.vc_custom_1546973912022{margin-bottom: 0px !important;}&#8221;]<span style=\"color: #ffffff;\">DeviceNet est un protocole de communication utilis\u00e9 pour administrer une large gamme d&#8217;appareils tels que des senseurs. Ce protocole utilise la technologie CAN (Controller Area Network) et peut configurer des r\u00e9seaux jusqu&#8217;\u00e0 64 bus et des d\u00e9bits en bauds de 125, 250 ou 500 kbits\/s.<\/span>[\/vc_column_text][\/vc_column_inner][vc_column_inner width=&#8221;1\/2&#8243;][mk_fancy_title color=&#8221;#ffffff&#8221; size=&#8221;22&#8243; font_weight=&#8221;bold&#8221; txt_transform=&#8221;none&#8221; margin_top=&#8221;20&#8243; margin_bottom=&#8221;0&#8243; font_family=&#8221;none&#8221; animation=&#8221;left-to-right&#8221;]Fieldbus \/ ControlNet[\/mk_fancy_title][vc_column_text animation=&#8221;top-to-bottom&#8221; css=&#8221;.vc_custom_1546974041991{margin-bottom: 0px !important;}&#8221;]<span style=\"color: #ffffff;\">Fieldbus est un protocole utilis\u00e9 pour le contr\u00f4le en temps r\u00e9el standardis\u00e9 comme IEC 61158 maintenu dans le pass\u00e9 comme \u00e9tant ControlNet. L&#8217;interface homme-machine (IHM) sert \u00e0 l&#8217;op\u00e9rateur qui surveille et contr\u00f4le le syst\u00e8me. Elle communique avec les contr\u00f4leurs logiques programmables (PLC) qui effectuent les t\u00e2ches permettant de contr\u00f4ler les capteurs, les actionneurs, les moteurs \u00e9lectriques, les commutateurs, les vannes et les contacteurs.<\/span>[\/vc_column_text][\/vc_column_inner][\/vc_row_inner][vc_row_inner][vc_column_inner width=&#8221;1\/2&#8243;][mk_fancy_title color=&#8221;#ffffff&#8221; size=&#8221;22&#8243; font_weight=&#8221;bold&#8221; txt_transform=&#8221;none&#8221; margin_bottom=&#8221;0&#8243; font_family=&#8221;none&#8221; animation=&#8221;left-to-right&#8221;]EtherNet\/IP[\/mk_fancy_title][vc_column_text animation=&#8221;top-to-bottom&#8221; css=&#8221;.vc_custom_1546974136149{margin-bottom: 0px !important;}&#8221;]<span style=\"color: #ffffff;\">EtherNet\/IP combine un r\u00e9seau Ethernet standard avec le standard Common Industrial Protocol (CIP) et est l&#8217;un des plus largement utilis\u00e9s dans le monde.<\/span>[\/vc_column_text][\/vc_column_inner][vc_column_inner width=&#8221;1\/2&#8243;][mk_fancy_title color=&#8221;#ffffff&#8221; size=&#8221;22&#8243; font_weight=&#8221;bold&#8221; txt_transform=&#8221;none&#8221; margin_top=&#8221;20&#8243; margin_bottom=&#8221;0&#8243; font_family=&#8221;none&#8221; animation=&#8221;left-to-right&#8221;]EtherCAT[\/mk_fancy_title][vc_column_text animation=&#8221;top-to-bottom&#8221; css=&#8221;.vc_custom_1546974465949{margin-bottom: 0px !important;}&#8221;]<span style=\"color: #ffffff;\">EtherCAT (Ethernet for Control Automation Technology) a la particularit\u00e9 d&#8217;\u00eatre en temps r\u00e9el, ce qui permet d&#8217;introduire la s\u00e9curit\u00e9 des machines directement dans la trame de la communication Ethernet.<\/span>[\/vc_column_text][\/vc_column_inner][\/vc_row_inner][vc_row_inner][vc_column_inner width=&#8221;1\/2&#8243;][mk_fancy_title color=&#8221;#ffffff&#8221; size=&#8221;22&#8243; font_weight=&#8221;bold&#8221; txt_transform=&#8221;none&#8221; margin_top=&#8221;20&#8243; margin_bottom=&#8221;0&#8243; font_family=&#8221;none&#8221; animation=&#8221;left-to-right&#8221;]FINS[\/mk_fancy_title][vc_column_text animation=&#8221;top-to-bottom&#8221; css=&#8221;.vc_custom_1546974478412{margin-bottom: 0px !important;}&#8221;]<span style=\"color: #ffffff;\">Le Factory Interface Network Service (FINS) est un protocole de communication utilis\u00e9 pour contr\u00f4ler les contr\u00f4leurs programmables Omron. Ce type de communication est compatible avec plusieurs types de communication r\u00e9seau.<\/span>[\/vc_column_text][\/vc_column_inner][vc_column_inner width=&#8221;1\/2&#8243;][mk_fancy_title color=&#8221;#ffffff&#8221; size=&#8221;22&#8243; font_weight=&#8221;bold&#8221; txt_transform=&#8221;none&#8221; margin_top=&#8221;20&#8243; margin_bottom=&#8221;0&#8243; font_family=&#8221;none&#8221; animation=&#8221;left-to-right&#8221;]Modbus[\/mk_fancy_title][vc_column_text animation=&#8221;top-to-bottom&#8221; css=&#8221;.vc_custom_1546974496615{margin-bottom: 0px !important;}&#8221;]<span style=\"color: #ffffff;\">Modbus est un type de communication en s\u00e9rie dont se servait Schneider Electric pour communiquer avec les automates programmables. \u00c9tant simple et robuste, il est commun\u00e9ment utilis\u00e9 pour connecter plusieurs appareils \u00e9lectroniques industriels.<\/span>[\/vc_column_text][\/vc_column_inner][\/vc_row_inner][vc_row_inner][vc_column_inner width=&#8221;1\/2&#8243;][mk_fancy_title color=&#8221;#ffffff&#8221; size=&#8221;22&#8243; font_weight=&#8221;bold&#8221; txt_transform=&#8221;none&#8221; margin_top=&#8221;20&#8243; margin_bottom=&#8221;0&#8243; font_family=&#8221;none&#8221; animation=&#8221;left-to-right&#8221;]Profinet[\/mk_fancy_title][vc_column_text animation=&#8221;top-to-bottom&#8221; css=&#8221;.vc_custom_1546974513151{margin-bottom: 0px !important;}&#8221;]<span style=\"color: #ffffff;\">Profinet est un standard de communication ouvert pour l&#8217;automatisation industrielle. Cet outil a \u00e9t\u00e9 d\u00e9velopp\u00e9 par Siemens, Phoenix Contact, Molex et d&#8217;autres constructeurs. La transmission des donn\u00e9es est rapide, les structures de r\u00e9seau sont int\u00e9gr\u00e9es et standardis\u00e9es, et ce, de la phase de contr\u00f4le jusqu&#8217;\u00e0 la phase de terrain. De plus, la gestion des r\u00e9seaux est flexible.<\/span>[\/vc_column_text][\/vc_column_inner][vc_column_inner width=&#8221;1\/2&#8243;][mk_fancy_title color=&#8221;#ffffff&#8221; size=&#8221;22&#8243; font_weight=&#8221;bold&#8221; txt_transform=&#8221;none&#8221; margin_top=&#8221;20&#8243; margin_bottom=&#8221;0&#8243; font_family=&#8221;none&#8221; animation=&#8221;left-to-right&#8221;]GE SRTP[\/mk_fancy_title][vc_column_text animation=&#8221;top-to-bottom&#8221; css=&#8221;.vc_custom_1546974529849{margin-bottom: 0px !important;}&#8221;]<span style=\"color: #ffffff;\">Le Service Request Transport Protocol (GE-STRP) est un protocole de communication qui a \u00e9t\u00e9 d\u00e9velopp\u00e9 par GE Intelligent Plateforms et qui est utilis\u00e9 sur les r\u00e9seaux Ethernet pour le transfert de donn\u00e9es. Les clients SRTP sont capables de lire et d&#8217;\u00e9crire la m\u00e9moire d&#8217;appareil compatible SRTP.<\/span>[\/vc_column_text][\/vc_column_inner][\/vc_row_inner][\/vc_column][\/vc_row]\n<\/div>","protected":false},"excerpt":{"rendered":"<p>[mk_page_section layout_structure=&#8221;half_right&#8221; bg_image=&#8221;https:\/\/groupebaillargeon.com\/wp-content\/uploads\/2019\/01\/division-electricite-installation-configuration-reseau-2.jpg&#8221; bg_stretch=&#8221;true&#8221; min_height=&#8221;675&#8243; js_vertical_centered=&#8221;true&#8221; padding_top=&#8221;0&#8243; padding_bottom=&#8221;0&#8243; visibility=&#8221;visible-dt&#8221;][vc_column width=&#8221;10\/12&#8243;][mk_fancy_title color=&#8221;#093c71&#8243; size=&#8221;22&#8243; font_weight=&#8221;bold&#8221; txt_transform=&#8221;none&#8221; margin_bottom=&#8221;0&#8243; font_family=&#8221;none&#8221; animation=&#8221;left-to-right&#8221;]Installation and Configuration of Communication Networks[\/mk_fancy_title][mk_divider style=&#8221;thin_solid&#8221; divider_width=&#8221;custom_width&#8221; custom_width=&#8221;50&#8243; align=&#8221;left&#8221; thin_single_color=&#8221;#093c71&#8243; thickness=&#8221;2&#8243; margin_top=&#8221;10&#8243; visibility=&#8221;hidden-sm&#8221; animation=&#8221;left-to-right&#8221;][vc_column_text animation=&#8221;left-to-right&#8221; css=&#8221;.vc_custom_1574191145020{margin-bottom: 0px !important;}&#8221;]Contact us to set up reliable, effective communication networks. Our team is at your service to design complex communication infrastructures, ensuring [&hellip;]<\/p>\n","protected":false},"author":1,"featured_media":0,"parent":0,"menu_order":0,"comment_status":"closed","ping_status":"closed","template":"","meta":{"footnotes":""},"class_list":["post-1545","page","type-page","status-publish","hentry"],"yoast_head":"<!-- This site is optimized with the Yoast SEO plugin v27.3 - https:\/\/yoast.com\/product\/yoast-seo-wordpress\/ -->\n<title>Installation and Configuration of Communication Networks - Groupe Baillargeon<\/title>\n<meta name=\"robots\" content=\"index, follow, max-snippet:-1, max-image-preview:large, max-video-preview:-1\" \/>\n<link rel=\"canonical\" href=\"https:\/\/groupebaillargeon.com\/en\/installation-and-configuration-of-communication-networks\/\" \/>\n<meta property=\"og:locale\" content=\"en_US\" \/>\n<meta property=\"og:type\" content=\"article\" \/>\n<meta property=\"og:title\" content=\"Installation and Configuration of Communication Networks - Groupe Baillargeon\" \/>\n<meta property=\"og:description\" content=\"[mk_page_section layout_structure=&#8221;half_right&#8221; bg_image=&#8221;https:\/\/groupebaillargeon.com\/wp-content\/uploads\/2019\/01\/division-electricite-installation-configuration-reseau-2.jpg&#8221; bg_stretch=&#8221;true&#8221; min_height=&#8221;675&#8243; js_vertical_centered=&#8221;true&#8221; padding_top=&#8221;0&#8243; padding_bottom=&#8221;0&#8243; visibility=&#8221;visible-dt&#8221;][vc_column width=&#8221;10\/12&#8243;][mk_fancy_title color=&#8221;#093c71&#8243; size=&#8221;22&#8243; font_weight=&#8221;bold&#8221; txt_transform=&#8221;none&#8221; margin_bottom=&#8221;0&#8243; font_family=&#8221;none&#8221; animation=&#8221;left-to-right&#8221;]Installation and Configuration of Communication Networks[\/mk_fancy_title][mk_divider style=&#8221;thin_solid&#8221; divider_width=&#8221;custom_width&#8221; custom_width=&#8221;50&#8243; align=&#8221;left&#8221; thin_single_color=&#8221;#093c71&#8243; thickness=&#8221;2&#8243; margin_top=&#8221;10&#8243; visibility=&#8221;hidden-sm&#8221; animation=&#8221;left-to-right&#8221;][vc_column_text animation=&#8221;left-to-right&#8221; css=&#8221;.vc_custom_1574191145020{margin-bottom: 0px !important;}&#8221;]Contact us to set up reliable, effective communication networks. Our team is at your service to design complex communication infrastructures, ensuring [&hellip;]\" \/>\n<meta property=\"og:url\" content=\"https:\/\/groupebaillargeon.com\/en\/installation-and-configuration-of-communication-networks\/\" \/>\n<meta property=\"og:site_name\" content=\"Groupe Baillargeon\" \/>\n<meta property=\"article:modified_time\" content=\"2019-12-13T21:01:57+00:00\" \/>\n<meta property=\"og:image\" content=\"https:\/\/groupebaillargeon.com\/wp-content\/uploads\/2019\/07\/groupe-baillargeon-yoast-fb.jpg\" \/>\n\t<meta property=\"og:image:width\" content=\"1200\" \/>\n\t<meta property=\"og:image:height\" content=\"630\" \/>\n\t<meta property=\"og:image:type\" content=\"image\/jpeg\" \/>\n<meta name=\"twitter:card\" content=\"summary_large_image\" \/>\n<meta name=\"twitter:label1\" content=\"Est. reading time\" \/>\n\t<meta name=\"twitter:data1\" content=\"6 minutes\" \/>\n<script type=\"application\/ld+json\" class=\"yoast-schema-graph\">{\"@context\":\"https:\\\/\\\/schema.org\",\"@graph\":[{\"@type\":\"WebPage\",\"@id\":\"https:\\\/\\\/groupebaillargeon.com\\\/en\\\/installation-and-configuration-of-communication-networks\\\/\",\"url\":\"https:\\\/\\\/groupebaillargeon.com\\\/en\\\/installation-and-configuration-of-communication-networks\\\/\",\"name\":\"Installation and Configuration of Communication Networks - Groupe Baillargeon\",\"isPartOf\":{\"@id\":\"https:\\\/\\\/groupebaillargeon.com\\\/#website\"},\"datePublished\":\"2019-01-07T21:57:15+00:00\",\"dateModified\":\"2019-12-13T21:01:57+00:00\",\"breadcrumb\":{\"@id\":\"https:\\\/\\\/groupebaillargeon.com\\\/en\\\/installation-and-configuration-of-communication-networks\\\/#breadcrumb\"},\"inLanguage\":\"en-US\",\"potentialAction\":[{\"@type\":\"ReadAction\",\"target\":[\"https:\\\/\\\/groupebaillargeon.com\\\/en\\\/installation-and-configuration-of-communication-networks\\\/\"]}]},{\"@type\":\"BreadcrumbList\",\"@id\":\"https:\\\/\\\/groupebaillargeon.com\\\/en\\\/installation-and-configuration-of-communication-networks\\\/#breadcrumb\",\"itemListElement\":[{\"@type\":\"ListItem\",\"position\":1,\"name\":\"Home\",\"item\":\"https:\\\/\\\/groupebaillargeon.com\\\/en\\\/\"},{\"@type\":\"ListItem\",\"position\":2,\"name\":\"Installation and Configuration of Communication Networks\"}]},{\"@type\":\"WebSite\",\"@id\":\"https:\\\/\\\/groupebaillargeon.com\\\/#website\",\"url\":\"https:\\\/\\\/groupebaillargeon.com\\\/\",\"name\":\"Groupe Baillargeon\",\"description\":\"\",\"publisher\":{\"@id\":\"https:\\\/\\\/groupebaillargeon.com\\\/#organization\"},\"potentialAction\":[{\"@type\":\"SearchAction\",\"target\":{\"@type\":\"EntryPoint\",\"urlTemplate\":\"https:\\\/\\\/groupebaillargeon.com\\\/?s={search_term_string}\"},\"query-input\":{\"@type\":\"PropertyValueSpecification\",\"valueRequired\":true,\"valueName\":\"search_term_string\"}}],\"inLanguage\":\"en-US\"},{\"@type\":\"Organization\",\"@id\":\"https:\\\/\\\/groupebaillargeon.com\\\/#organization\",\"name\":\"Groupe Baillargeon\",\"url\":\"https:\\\/\\\/groupebaillargeon.com\\\/\",\"logo\":{\"@type\":\"ImageObject\",\"inLanguage\":\"en-US\",\"@id\":\"https:\\\/\\\/groupebaillargeon.com\\\/#\\\/schema\\\/logo\\\/image\\\/\",\"url\":\"https:\\\/\\\/groupebaillargeon.com\\\/wp-content\\\/uploads\\\/2019\\\/01\\\/baillargeon-logo-accueil.png\",\"contentUrl\":\"https:\\\/\\\/groupebaillargeon.com\\\/wp-content\\\/uploads\\\/2019\\\/01\\\/baillargeon-logo-accueil.png\",\"width\":86,\"height\":84,\"caption\":\"Groupe Baillargeon\"},\"image\":{\"@id\":\"https:\\\/\\\/groupebaillargeon.com\\\/#\\\/schema\\\/logo\\\/image\\\/\"}}]}<\/script>\n<!-- \/ Yoast SEO plugin. -->","yoast_head_json":{"title":"Installation and Configuration of Communication Networks - Groupe Baillargeon","robots":{"index":"index","follow":"follow","max-snippet":"max-snippet:-1","max-image-preview":"max-image-preview:large","max-video-preview":"max-video-preview:-1"},"canonical":"https:\/\/groupebaillargeon.com\/en\/installation-and-configuration-of-communication-networks\/","og_locale":"en_US","og_type":"article","og_title":"Installation and Configuration of Communication Networks - Groupe Baillargeon","og_description":"[mk_page_section layout_structure=&#8221;half_right&#8221; bg_image=&#8221;https:\/\/groupebaillargeon.com\/wp-content\/uploads\/2019\/01\/division-electricite-installation-configuration-reseau-2.jpg&#8221; bg_stretch=&#8221;true&#8221; min_height=&#8221;675&#8243; js_vertical_centered=&#8221;true&#8221; padding_top=&#8221;0&#8243; padding_bottom=&#8221;0&#8243; visibility=&#8221;visible-dt&#8221;][vc_column width=&#8221;10\/12&#8243;][mk_fancy_title color=&#8221;#093c71&#8243; size=&#8221;22&#8243; font_weight=&#8221;bold&#8221; txt_transform=&#8221;none&#8221; margin_bottom=&#8221;0&#8243; font_family=&#8221;none&#8221; animation=&#8221;left-to-right&#8221;]Installation and Configuration of Communication Networks[\/mk_fancy_title][mk_divider style=&#8221;thin_solid&#8221; divider_width=&#8221;custom_width&#8221; custom_width=&#8221;50&#8243; align=&#8221;left&#8221; thin_single_color=&#8221;#093c71&#8243; thickness=&#8221;2&#8243; margin_top=&#8221;10&#8243; visibility=&#8221;hidden-sm&#8221; animation=&#8221;left-to-right&#8221;][vc_column_text animation=&#8221;left-to-right&#8221; css=&#8221;.vc_custom_1574191145020{margin-bottom: 0px !important;}&#8221;]Contact us to set up reliable, effective communication networks. Our team is at your service to design complex communication infrastructures, ensuring [&hellip;]","og_url":"https:\/\/groupebaillargeon.com\/en\/installation-and-configuration-of-communication-networks\/","og_site_name":"Groupe Baillargeon","article_modified_time":"2019-12-13T21:01:57+00:00","og_image":[{"width":1200,"height":630,"url":"https:\/\/groupebaillargeon.com\/wp-content\/uploads\/2019\/07\/groupe-baillargeon-yoast-fb.jpg","type":"image\/jpeg"}],"twitter_card":"summary_large_image","twitter_misc":{"Est. reading time":"6 minutes"},"schema":{"@context":"https:\/\/schema.org","@graph":[{"@type":"WebPage","@id":"https:\/\/groupebaillargeon.com\/en\/installation-and-configuration-of-communication-networks\/","url":"https:\/\/groupebaillargeon.com\/en\/installation-and-configuration-of-communication-networks\/","name":"Installation and Configuration of Communication Networks - Groupe Baillargeon","isPartOf":{"@id":"https:\/\/groupebaillargeon.com\/#website"},"datePublished":"2019-01-07T21:57:15+00:00","dateModified":"2019-12-13T21:01:57+00:00","breadcrumb":{"@id":"https:\/\/groupebaillargeon.com\/en\/installation-and-configuration-of-communication-networks\/#breadcrumb"},"inLanguage":"en-US","potentialAction":[{"@type":"ReadAction","target":["https:\/\/groupebaillargeon.com\/en\/installation-and-configuration-of-communication-networks\/"]}]},{"@type":"BreadcrumbList","@id":"https:\/\/groupebaillargeon.com\/en\/installation-and-configuration-of-communication-networks\/#breadcrumb","itemListElement":[{"@type":"ListItem","position":1,"name":"Home","item":"https:\/\/groupebaillargeon.com\/en\/"},{"@type":"ListItem","position":2,"name":"Installation and Configuration of Communication Networks"}]},{"@type":"WebSite","@id":"https:\/\/groupebaillargeon.com\/#website","url":"https:\/\/groupebaillargeon.com\/","name":"Groupe Baillargeon","description":"","publisher":{"@id":"https:\/\/groupebaillargeon.com\/#organization"},"potentialAction":[{"@type":"SearchAction","target":{"@type":"EntryPoint","urlTemplate":"https:\/\/groupebaillargeon.com\/?s={search_term_string}"},"query-input":{"@type":"PropertyValueSpecification","valueRequired":true,"valueName":"search_term_string"}}],"inLanguage":"en-US"},{"@type":"Organization","@id":"https:\/\/groupebaillargeon.com\/#organization","name":"Groupe Baillargeon","url":"https:\/\/groupebaillargeon.com\/","logo":{"@type":"ImageObject","inLanguage":"en-US","@id":"https:\/\/groupebaillargeon.com\/#\/schema\/logo\/image\/","url":"https:\/\/groupebaillargeon.com\/wp-content\/uploads\/2019\/01\/baillargeon-logo-accueil.png","contentUrl":"https:\/\/groupebaillargeon.com\/wp-content\/uploads\/2019\/01\/baillargeon-logo-accueil.png","width":86,"height":84,"caption":"Groupe Baillargeon"},"image":{"@id":"https:\/\/groupebaillargeon.com\/#\/schema\/logo\/image\/"}}]}},"_links":{"self":[{"href":"https:\/\/groupebaillargeon.com\/en\/wp-json\/wp\/v2\/pages\/1545","targetHints":{"allow":["GET"]}}],"collection":[{"href":"https:\/\/groupebaillargeon.com\/en\/wp-json\/wp\/v2\/pages"}],"about":[{"href":"https:\/\/groupebaillargeon.com\/en\/wp-json\/wp\/v2\/types\/page"}],"author":[{"embeddable":true,"href":"https:\/\/groupebaillargeon.com\/en\/wp-json\/wp\/v2\/users\/1"}],"replies":[{"embeddable":true,"href":"https:\/\/groupebaillargeon.com\/en\/wp-json\/wp\/v2\/comments?post=1545"}],"version-history":[{"count":4,"href":"https:\/\/groupebaillargeon.com\/en\/wp-json\/wp\/v2\/pages\/1545\/revisions"}],"predecessor-version":[{"id":1720,"href":"https:\/\/groupebaillargeon.com\/en\/wp-json\/wp\/v2\/pages\/1545\/revisions\/1720"}],"wp:attachment":[{"href":"https:\/\/groupebaillargeon.com\/en\/wp-json\/wp\/v2\/media?parent=1545"}],"curies":[{"name":"wp","href":"https:\/\/api.w.org\/{rel}","templated":true}]}}